{"id":8584,"date":"2025-08-29T18:33:26","date_gmt":"2025-08-30T00:33:26","guid":{"rendered":"https:\/\/quebelleza.ccial.org\/?post_type=product&#038;p=8584"},"modified":"2025-09-29T16:45:40","modified_gmt":"2025-09-29T22:45:40","slug":"14-troncos-y-ramas","status":"publish","type":"product","link":"https:\/\/quebelleza.ccial.org\/en\/product\/14-troncos-y-ramas\/","title":{"rendered":"14 Troncos y Ramas"},"content":{"rendered":"<p>Los \u00e1rboles son fuente de vida. No solo en lo tocante a los ecosistemas naturales, sino tambi\u00e9n para la supervivencia del ser humano. Su uso en la actualidad supone una explotaci\u00f3n que, entre otros factores, dispara la deforestaci\u00f3n y la destrucci\u00f3n del h\u00e1bitat. Adentrate en el mundo de los \u00e1rboles aprende m\u00e1s de su importancia y de como colaborar con el cuidado del medio ambiente.<\/p>\n","protected":false},"excerpt":{"rendered":"<p>Los \u00e1rboles son fuente de vida. No solo en lo tocante a los ecosistemas naturales, sino tambi\u00e9n para la supervivencia del ser humano. Su uso en la actualidad supone una explotaci\u00f3n que, entre otros factores, dispara la deforestaci\u00f3n y la destrucci\u00f3n del h\u00e1bitat. Adentrate en el mundo de los \u00e1rboles aprende m\u00e1s de su importancia y de como colaborar con el cuidado del medio ambiente.<\/p>\n","protected":false},"featured_media":3686,"comment_status":"open","ping_status":"closed","template":"","meta":{"_acf_changed":false},"product_brand":[],"product_cat":[246],"product_tag":[],"class_list":{"0":"post-8584","1":"product","2":"type-product","3":"status-publish","4":"has-post-thumbnail","6":"product_cat-tema-ecologico","8":"first","9":"instock","10":"sale","11":"downloadable","12":"virtual","13":"taxable","14":"purchasable","15":"product-type-simple"},"acf":[],"yoast_head":"<!-- This site is optimized with the Yoast SEO plugin v27.3 - https:\/\/yoast.com\/product\/yoast-seo-wordpress\/ -->\n<title>14 Troncos y Ramas - How Beautyful!<\/title>\n<meta name=\"description\" content=\"Los \u00e1rboles son fuente de vida. No solo en lo tocante a los ecosistemas naturales, sino tambi\u00e9n para la supervivencia del ser humano. Su uso en la actualidad supone una explotaci\u00f3n que, entre otros factores, dispara la deforestaci\u00f3n y la destrucci\u00f3n del h\u00e1bitat. Adentrate en el mundo de los \u00e1rboles aprende m\u00e1s de su importancia y de como colaborar con el cuidado del medio ambiente.\" \/>\n<meta name=\"robots\" content=\"index, follow, max-snippet:-1, max-image-preview:large, max-video-preview:-1\" \/>\n<link rel=\"canonical\" href=\"https:\/\/quebelleza.ccial.org\/en\/product\/14-troncos-y-ramas\/\" \/>\n<meta property=\"og:locale\" content=\"en_US\" \/>\n<meta property=\"og:type\" content=\"article\" \/>\n<meta property=\"og:title\" content=\"14 Troncos y Ramas - How Beautyful!\" \/>\n<meta property=\"og:description\" content=\"Los \u00e1rboles son fuente de vida. No solo en lo tocante a los ecosistemas naturales, sino tambi\u00e9n para la supervivencia del ser humano. Su uso en la actualidad supone una explotaci\u00f3n que, entre otros factores, dispara la deforestaci\u00f3n y la destrucci\u00f3n del h\u00e1bitat. Adentrate en el mundo de los \u00e1rboles aprende m\u00e1s de su importancia y de como colaborar con el cuidado del medio ambiente.\" \/>\n<meta property=\"og:url\" content=\"https:\/\/quebelleza.ccial.org\/en\/product\/14-troncos-y-ramas\/\" \/>\n<meta property=\"og:site_name\" content=\"How Beautyful!\" \/>\n<meta property=\"article:modified_time\" content=\"2025-09-29T22:45:40+00:00\" \/>\n<meta property=\"og:image\" content=\"https:\/\/quebelleza.ccial.org\/wp-content\/uploads\/2023\/01\/Arboles.jpg\" \/>\n\t<meta property=\"og:image:width\" content=\"1275\" \/>\n\t<meta property=\"og:image:height\" content=\"1650\" \/>\n\t<meta property=\"og:image:type\" content=\"image\/jpeg\" \/>\n<meta name=\"twitter:card\" content=\"summary_large_image\" \/>\n<meta name=\"twitter:label1\" content=\"Est. reading time\" \/>\n\t<meta name=\"twitter:data1\" content=\"1 minute\" \/>\n<script type=\"application\/ld+json\" class=\"yoast-schema-graph\">{\"@context\":\"https:\\\/\\\/schema.org\",\"@graph\":[{\"@type\":\"WebPage\",\"@id\":\"https:\\\/\\\/quebelleza.ccial.org\\\/en\\\/product\\\/14-troncos-y-ramas\\\/\",\"url\":\"https:\\\/\\\/quebelleza.ccial.org\\\/en\\\/product\\\/14-troncos-y-ramas\\\/\",\"name\":\"14 Troncos y Ramas - How Beautyful!\",\"isPartOf\":{\"@id\":\"https:\\\/\\\/quebelleza.ccial.org\\\/en\\\/#website\"},\"primaryImageOfPage\":{\"@id\":\"https:\\\/\\\/quebelleza.ccial.org\\\/en\\\/product\\\/14-troncos-y-ramas\\\/#primaryimage\"},\"image\":{\"@id\":\"https:\\\/\\\/quebelleza.ccial.org\\\/en\\\/product\\\/14-troncos-y-ramas\\\/#primaryimage\"},\"thumbnailUrl\":\"https:\\\/\\\/quebelleza.ccial.org\\\/wp-content\\\/uploads\\\/2023\\\/01\\\/Arboles.jpg\",\"datePublished\":\"2025-08-30T00:33:26+00:00\",\"dateModified\":\"2025-09-29T22:45:40+00:00\",\"description\":\"Los \u00e1rboles son fuente de vida. No solo en lo tocante a los ecosistemas naturales, sino tambi\u00e9n para la supervivencia del ser humano. Su uso en la actualidad supone una explotaci\u00f3n que, entre otros factores, dispara la deforestaci\u00f3n y la destrucci\u00f3n del h\u00e1bitat. Adentrate en el mundo de los \u00e1rboles aprende m\u00e1s de su importancia y de como colaborar con el cuidado del medio ambiente.\",\"breadcrumb\":{\"@id\":\"https:\\\/\\\/quebelleza.ccial.org\\\/en\\\/product\\\/14-troncos-y-ramas\\\/#breadcrumb\"},\"inLanguage\":\"en-US\",\"potentialAction\":[{\"@type\":\"ReadAction\",\"target\":[\"https:\\\/\\\/quebelleza.ccial.org\\\/en\\\/product\\\/14-troncos-y-ramas\\\/\"]}]},{\"@type\":\"ImageObject\",\"inLanguage\":\"en-US\",\"@id\":\"https:\\\/\\\/quebelleza.ccial.org\\\/en\\\/product\\\/14-troncos-y-ramas\\\/#primaryimage\",\"url\":\"https:\\\/\\\/quebelleza.ccial.org\\\/wp-content\\\/uploads\\\/2023\\\/01\\\/Arboles.jpg\",\"contentUrl\":\"https:\\\/\\\/quebelleza.ccial.org\\\/wp-content\\\/uploads\\\/2023\\\/01\\\/Arboles.jpg\",\"width\":1275,\"height\":1650},{\"@type\":\"BreadcrumbList\",\"@id\":\"https:\\\/\\\/quebelleza.ccial.org\\\/en\\\/product\\\/14-troncos-y-ramas\\\/#breadcrumb\",\"itemListElement\":[{\"@type\":\"ListItem\",\"position\":1,\"name\":\"Cover page\",\"item\":\"https:\\\/\\\/quebelleza.ccial.org\\\/en\\\/\"},{\"@type\":\"ListItem\",\"position\":2,\"name\":\"Store\",\"item\":\"https:\\\/\\\/quebelleza.ccial.org\\\/en\\\/store\\\/\"},{\"@type\":\"ListItem\",\"position\":3,\"name\":\"14 Troncos y Ramas\"}]},{\"@type\":\"WebSite\",\"@id\":\"https:\\\/\\\/quebelleza.ccial.org\\\/en\\\/#website\",\"url\":\"https:\\\/\\\/quebelleza.ccial.org\\\/en\\\/\",\"name\":\"How Beautyful!\",\"description\":\"Camping Activities\",\"publisher\":{\"@id\":\"https:\\\/\\\/quebelleza.ccial.org\\\/en\\\/#organization\"},\"potentialAction\":[{\"@type\":\"SearchAction\",\"target\":{\"@type\":\"EntryPoint\",\"urlTemplate\":\"https:\\\/\\\/quebelleza.ccial.org\\\/en\\\/?s={search_term_string}\"},\"query-input\":{\"@type\":\"PropertyValueSpecification\",\"valueRequired\":true,\"valueName\":\"search_term_string\"}}],\"inLanguage\":\"en-US\"},{\"@type\":\"Organization\",\"@id\":\"https:\\\/\\\/quebelleza.ccial.org\\\/en\\\/#organization\",\"name\":\"CCIAL To Go - New Pathways\",\"url\":\"https:\\\/\\\/quebelleza.ccial.org\\\/en\\\/\",\"logo\":{\"@type\":\"ImageObject\",\"inLanguage\":\"en-US\",\"@id\":\"https:\\\/\\\/quebelleza.ccial.org\\\/en\\\/#\\\/schema\\\/logo\\\/image\\\/\",\"url\":\"https:\\\/\\\/quebelleza.ccial.org\\\/wp-content\\\/uploads\\\/2021\\\/09\\\/NS-Logo-Right-Full.svg\",\"contentUrl\":\"https:\\\/\\\/quebelleza.ccial.org\\\/wp-content\\\/uploads\\\/2021\\\/09\\\/NS-Logo-Right-Full.svg\",\"width\":400,\"height\":400,\"caption\":\"CCIAL To Go - New Pathways\"},\"image\":{\"@id\":\"https:\\\/\\\/quebelleza.ccial.org\\\/en\\\/#\\\/schema\\\/logo\\\/image\\\/\"}}]}<\/script>\n<!-- \/ Yoast SEO plugin. -->","yoast_head_json":{"title":"14 Troncos y Ramas - How Beautyful!","description":"Los \u00e1rboles son fuente de vida. No solo en lo tocante a los ecosistemas naturales, sino tambi\u00e9n para la supervivencia del ser humano. Su uso en la actualidad supone una explotaci\u00f3n que, entre otros factores, dispara la deforestaci\u00f3n y la destrucci\u00f3n del h\u00e1bitat. Adentrate en el mundo de los \u00e1rboles aprende m\u00e1s de su importancia y de como colaborar con el cuidado del medio ambiente.","robots":{"index":"index","follow":"follow","max-snippet":"max-snippet:-1","max-image-preview":"max-image-preview:large","max-video-preview":"max-video-preview:-1"},"canonical":"https:\/\/quebelleza.ccial.org\/en\/product\/14-troncos-y-ramas\/","og_locale":"en_US","og_type":"article","og_title":"14 Troncos y Ramas - How Beautyful!","og_description":"Los \u00e1rboles son fuente de vida. No solo en lo tocante a los ecosistemas naturales, sino tambi\u00e9n para la supervivencia del ser humano. Su uso en la actualidad supone una explotaci\u00f3n que, entre otros factores, dispara la deforestaci\u00f3n y la destrucci\u00f3n del h\u00e1bitat. Adentrate en el mundo de los \u00e1rboles aprende m\u00e1s de su importancia y de como colaborar con el cuidado del medio ambiente.","og_url":"https:\/\/quebelleza.ccial.org\/en\/product\/14-troncos-y-ramas\/","og_site_name":"How Beautyful!","article_modified_time":"2025-09-29T22:45:40+00:00","og_image":[{"width":1275,"height":1650,"url":"https:\/\/quebelleza.ccial.org\/wp-content\/uploads\/2023\/01\/Arboles.jpg","type":"image\/jpeg"}],"twitter_card":"summary_large_image","twitter_misc":{"Est. reading time":"1 minute"},"schema":{"@context":"https:\/\/schema.org","@graph":[{"@type":"WebPage","@id":"https:\/\/quebelleza.ccial.org\/en\/product\/14-troncos-y-ramas\/","url":"https:\/\/quebelleza.ccial.org\/en\/product\/14-troncos-y-ramas\/","name":"14 Troncos y Ramas - How Beautyful!","isPartOf":{"@id":"https:\/\/quebelleza.ccial.org\/en\/#website"},"primaryImageOfPage":{"@id":"https:\/\/quebelleza.ccial.org\/en\/product\/14-troncos-y-ramas\/#primaryimage"},"image":{"@id":"https:\/\/quebelleza.ccial.org\/en\/product\/14-troncos-y-ramas\/#primaryimage"},"thumbnailUrl":"https:\/\/quebelleza.ccial.org\/wp-content\/uploads\/2023\/01\/Arboles.jpg","datePublished":"2025-08-30T00:33:26+00:00","dateModified":"2025-09-29T22:45:40+00:00","description":"Los \u00e1rboles son fuente de vida. No solo en lo tocante a los ecosistemas naturales, sino tambi\u00e9n para la supervivencia del ser humano. Su uso en la actualidad supone una explotaci\u00f3n que, entre otros factores, dispara la deforestaci\u00f3n y la destrucci\u00f3n del h\u00e1bitat. Adentrate en el mundo de los \u00e1rboles aprende m\u00e1s de su importancia y de como colaborar con el cuidado del medio ambiente.","breadcrumb":{"@id":"https:\/\/quebelleza.ccial.org\/en\/product\/14-troncos-y-ramas\/#breadcrumb"},"inLanguage":"en-US","potentialAction":[{"@type":"ReadAction","target":["https:\/\/quebelleza.ccial.org\/en\/product\/14-troncos-y-ramas\/"]}]},{"@type":"ImageObject","inLanguage":"en-US","@id":"https:\/\/quebelleza.ccial.org\/en\/product\/14-troncos-y-ramas\/#primaryimage","url":"https:\/\/quebelleza.ccial.org\/wp-content\/uploads\/2023\/01\/Arboles.jpg","contentUrl":"https:\/\/quebelleza.ccial.org\/wp-content\/uploads\/2023\/01\/Arboles.jpg","width":1275,"height":1650},{"@type":"BreadcrumbList","@id":"https:\/\/quebelleza.ccial.org\/en\/product\/14-troncos-y-ramas\/#breadcrumb","itemListElement":[{"@type":"ListItem","position":1,"name":"Cover page","item":"https:\/\/quebelleza.ccial.org\/en\/"},{"@type":"ListItem","position":2,"name":"Store","item":"https:\/\/quebelleza.ccial.org\/en\/store\/"},{"@type":"ListItem","position":3,"name":"14 Troncos y Ramas"}]},{"@type":"WebSite","@id":"https:\/\/quebelleza.ccial.org\/en\/#website","url":"https:\/\/quebelleza.ccial.org\/en\/","name":"How Beautyful!","description":"Camping Activities","publisher":{"@id":"https:\/\/quebelleza.ccial.org\/en\/#organization"},"potentialAction":[{"@type":"SearchAction","target":{"@type":"EntryPoint","urlTemplate":"https:\/\/quebelleza.ccial.org\/en\/?s={search_term_string}"},"query-input":{"@type":"PropertyValueSpecification","valueRequired":true,"valueName":"search_term_string"}}],"inLanguage":"en-US"},{"@type":"Organization","@id":"https:\/\/quebelleza.ccial.org\/en\/#organization","name":"CCIAL To Go - New Pathways","url":"https:\/\/quebelleza.ccial.org\/en\/","logo":{"@type":"ImageObject","inLanguage":"en-US","@id":"https:\/\/quebelleza.ccial.org\/en\/#\/schema\/logo\/image\/","url":"https:\/\/quebelleza.ccial.org\/wp-content\/uploads\/2021\/09\/NS-Logo-Right-Full.svg","contentUrl":"https:\/\/quebelleza.ccial.org\/wp-content\/uploads\/2021\/09\/NS-Logo-Right-Full.svg","width":400,"height":400,"caption":"CCIAL To Go - New Pathways"},"image":{"@id":"https:\/\/quebelleza.ccial.org\/en\/#\/schema\/logo\/image\/"}}]}},"_links":{"self":[{"href":"https:\/\/quebelleza.ccial.org\/en\/wp-json\/wp\/v2\/product\/8584","targetHints":{"allow":["GET"]}}],"collection":[{"href":"https:\/\/quebelleza.ccial.org\/en\/wp-json\/wp\/v2\/product"}],"about":[{"href":"https:\/\/quebelleza.ccial.org\/en\/wp-json\/wp\/v2\/types\/product"}],"replies":[{"embeddable":true,"href":"https:\/\/quebelleza.ccial.org\/en\/wp-json\/wp\/v2\/comments?post=8584"}],"wp:featuredmedia":[{"embeddable":true,"href":"https:\/\/quebelleza.ccial.org\/en\/wp-json\/wp\/v2\/media\/3686"}],"wp:attachment":[{"href":"https:\/\/quebelleza.ccial.org\/en\/wp-json\/wp\/v2\/media?parent=8584"}],"wp:term":[{"taxonomy":"product_brand","embeddable":true,"href":"https:\/\/quebelleza.ccial.org\/en\/wp-json\/wp\/v2\/product_brand?post=8584"},{"taxonomy":"product_cat","embeddable":true,"href":"https:\/\/quebelleza.ccial.org\/en\/wp-json\/wp\/v2\/product_cat?post=8584"},{"taxonomy":"product_tag","embeddable":true,"href":"https:\/\/quebelleza.ccial.org\/en\/wp-json\/wp\/v2\/product_tag?post=8584"}],"curies":[{"name":"wp","href":"https:\/\/api.w.org\/{rel}","templated":true}]}}