{"id":8786,"date":"2025-12-06T03:35:42","date_gmt":"2025-12-06T09:35:42","guid":{"rendered":"https:\/\/quebelleza.ccial.org\/?post_type=product&#038;p=8786"},"modified":"2025-12-08T09:35:04","modified_gmt":"2025-12-08T15:35:04","slug":"59-aventura-tactil","status":"publish","type":"product","link":"https:\/\/quebelleza.ccial.org\/en\/product\/59-aventura-tactil\/","title":{"rendered":"59 Aventura T\u00e1ctil"},"content":{"rendered":"<p>Un tema en el que disfrutar\u00e1n tocando. Desde un divertido juego de \u201cavispas humanas\u201d, siguiendo con lavarte las manos sintiendo la sensaci\u00f3n de meter tu mano al moho, hojas, charcos, y no te quedas con las ganas de sentirlo. Tambi\u00e9n apreciar\u00e1n texturas y formas al calcar en papel para apreciar los detalles distintos en la creaci\u00f3n. Rendir\u00e1n culto al creador con el salmo 103; bendiga todo mi ser su santo nombre al sumergirse en la naturaleza con todo su cuerpo y mente. Y terminar\u00e1n cuidando la naturaleza al fabricar su propio repelente ecol\u00f3gico.<\/p>\n","protected":false},"excerpt":{"rendered":"<p>Un tema en el que disfrutar\u00e1n tocando. Desde un divertido juego de \u201cavispas humanas\u201d, siguiendo con lavarte las manos sintiendo la sensaci\u00f3n de meter tu mano al moho, hojas, charcos, y no te quedas con las ganas de sentirlo. Tambi\u00e9n apreciar\u00e1n texturas y formas al calcar en papel para apreciar los detalles distintos en la creaci\u00f3n. Rendir\u00e1n culto al creador con el salmo 103; bendiga todo mi ser su santo nombre al sumergirse en la naturaleza con todo su cuerpo y mente. Y terminar\u00e1n cuidando la naturaleza al fabricar su propio repelente ecol\u00f3gico.<\/p>\n","protected":false},"featured_media":8785,"comment_status":"open","ping_status":"closed","template":"","meta":{"_acf_changed":false},"product_brand":[],"product_cat":[246],"product_tag":[],"class_list":{"0":"post-8786","1":"product","2":"type-product","3":"status-publish","4":"has-post-thumbnail","6":"product_cat-tema-ecologico","8":"first","9":"instock","10":"sale","11":"downloadable","12":"virtual","13":"taxable","14":"purchasable","15":"product-type-simple"},"acf":[],"yoast_head":"<!-- This site is optimized with the Yoast SEO plugin v27.3 - https:\/\/yoast.com\/product\/yoast-seo-wordpress\/ -->\n<title>59 Aventura T\u00e1ctil - How Beautyful!<\/title>\n<meta name=\"robots\" content=\"index, follow, max-snippet:-1, max-image-preview:large, max-video-preview:-1\" \/>\n<link rel=\"canonical\" href=\"https:\/\/quebelleza.ccial.org\/en\/product\/59-aventura-tactil\/\" \/>\n<meta property=\"og:locale\" content=\"en_US\" \/>\n<meta property=\"og:type\" content=\"article\" \/>\n<meta property=\"og:title\" content=\"59 Aventura T\u00e1ctil - How Beautyful!\" \/>\n<meta property=\"og:description\" content=\"Un tema en el que disfrutar\u00e1n tocando. Desde un divertido juego de \u201cavispas humanas\u201d, siguiendo con lavarte las manos sintiendo la sensaci\u00f3n de meter tu mano al moho, hojas, charcos, y no te quedas con las ganas de sentirlo. Tambi\u00e9n apreciar\u00e1n texturas y formas al calcar en papel para apreciar los detalles distintos en la creaci\u00f3n. Rendir\u00e1n culto al creador con el salmo 103; bendiga todo mi ser su santo nombre al sumergirse en la naturaleza con todo su cuerpo y mente. Y terminar\u00e1n cuidando la naturaleza al fabricar su propio repelente ecol\u00f3gico.\" \/>\n<meta property=\"og:url\" content=\"https:\/\/quebelleza.ccial.org\/en\/product\/59-aventura-tactil\/\" \/>\n<meta property=\"og:site_name\" content=\"How Beautyful!\" \/>\n<meta property=\"article:modified_time\" content=\"2025-12-08T15:35:04+00:00\" \/>\n<meta property=\"og:image\" content=\"https:\/\/quebelleza.ccial.org\/wp-content\/uploads\/2025\/12\/Aventura-Tactil.jpg\" \/>\n\t<meta property=\"og:image:width\" content=\"1275\" \/>\n\t<meta property=\"og:image:height\" content=\"1650\" \/>\n\t<meta property=\"og:image:type\" content=\"image\/jpeg\" \/>\n<meta name=\"twitter:card\" content=\"summary_large_image\" \/>\n<meta name=\"twitter:label1\" content=\"Est. reading time\" \/>\n\t<meta name=\"twitter:data1\" content=\"1 minute\" \/>\n<script type=\"application\/ld+json\" class=\"yoast-schema-graph\">{\"@context\":\"https:\\\/\\\/schema.org\",\"@graph\":[{\"@type\":\"WebPage\",\"@id\":\"https:\\\/\\\/quebelleza.ccial.org\\\/en\\\/product\\\/59-aventura-tactil\\\/\",\"url\":\"https:\\\/\\\/quebelleza.ccial.org\\\/en\\\/product\\\/59-aventura-tactil\\\/\",\"name\":\"59 Aventura T\u00e1ctil - How Beautyful!\",\"isPartOf\":{\"@id\":\"https:\\\/\\\/quebelleza.ccial.org\\\/en\\\/#website\"},\"primaryImageOfPage\":{\"@id\":\"https:\\\/\\\/quebelleza.ccial.org\\\/en\\\/product\\\/59-aventura-tactil\\\/#primaryimage\"},\"image\":{\"@id\":\"https:\\\/\\\/quebelleza.ccial.org\\\/en\\\/product\\\/59-aventura-tactil\\\/#primaryimage\"},\"thumbnailUrl\":\"https:\\\/\\\/quebelleza.ccial.org\\\/wp-content\\\/uploads\\\/2025\\\/12\\\/Aventura-Tactil.jpg\",\"datePublished\":\"2025-12-06T09:35:42+00:00\",\"dateModified\":\"2025-12-08T15:35:04+00:00\",\"breadcrumb\":{\"@id\":\"https:\\\/\\\/quebelleza.ccial.org\\\/en\\\/product\\\/59-aventura-tactil\\\/#breadcrumb\"},\"inLanguage\":\"en-US\",\"potentialAction\":[{\"@type\":\"ReadAction\",\"target\":[\"https:\\\/\\\/quebelleza.ccial.org\\\/en\\\/product\\\/59-aventura-tactil\\\/\"]}]},{\"@type\":\"ImageObject\",\"inLanguage\":\"en-US\",\"@id\":\"https:\\\/\\\/quebelleza.ccial.org\\\/en\\\/product\\\/59-aventura-tactil\\\/#primaryimage\",\"url\":\"https:\\\/\\\/quebelleza.ccial.org\\\/wp-content\\\/uploads\\\/2025\\\/12\\\/Aventura-Tactil.jpg\",\"contentUrl\":\"https:\\\/\\\/quebelleza.ccial.org\\\/wp-content\\\/uploads\\\/2025\\\/12\\\/Aventura-Tactil.jpg\",\"width\":1275,\"height\":1650},{\"@type\":\"BreadcrumbList\",\"@id\":\"https:\\\/\\\/quebelleza.ccial.org\\\/en\\\/product\\\/59-aventura-tactil\\\/#breadcrumb\",\"itemListElement\":[{\"@type\":\"ListItem\",\"position\":1,\"name\":\"Cover page\",\"item\":\"https:\\\/\\\/quebelleza.ccial.org\\\/en\\\/\"},{\"@type\":\"ListItem\",\"position\":2,\"name\":\"Store\",\"item\":\"https:\\\/\\\/quebelleza.ccial.org\\\/en\\\/store\\\/\"},{\"@type\":\"ListItem\",\"position\":3,\"name\":\"59 Aventura T\u00e1ctil\"}]},{\"@type\":\"WebSite\",\"@id\":\"https:\\\/\\\/quebelleza.ccial.org\\\/en\\\/#website\",\"url\":\"https:\\\/\\\/quebelleza.ccial.org\\\/en\\\/\",\"name\":\"How Beautyful!\",\"description\":\"Camping Activities\",\"publisher\":{\"@id\":\"https:\\\/\\\/quebelleza.ccial.org\\\/en\\\/#organization\"},\"potentialAction\":[{\"@type\":\"SearchAction\",\"target\":{\"@type\":\"EntryPoint\",\"urlTemplate\":\"https:\\\/\\\/quebelleza.ccial.org\\\/en\\\/?s={search_term_string}\"},\"query-input\":{\"@type\":\"PropertyValueSpecification\",\"valueRequired\":true,\"valueName\":\"search_term_string\"}}],\"inLanguage\":\"en-US\"},{\"@type\":\"Organization\",\"@id\":\"https:\\\/\\\/quebelleza.ccial.org\\\/en\\\/#organization\",\"name\":\"CCIAL To Go - New Pathways\",\"url\":\"https:\\\/\\\/quebelleza.ccial.org\\\/en\\\/\",\"logo\":{\"@type\":\"ImageObject\",\"inLanguage\":\"en-US\",\"@id\":\"https:\\\/\\\/quebelleza.ccial.org\\\/en\\\/#\\\/schema\\\/logo\\\/image\\\/\",\"url\":\"https:\\\/\\\/quebelleza.ccial.org\\\/wp-content\\\/uploads\\\/2021\\\/09\\\/NS-Logo-Right-Full.svg\",\"contentUrl\":\"https:\\\/\\\/quebelleza.ccial.org\\\/wp-content\\\/uploads\\\/2021\\\/09\\\/NS-Logo-Right-Full.svg\",\"width\":400,\"height\":400,\"caption\":\"CCIAL To Go - New Pathways\"},\"image\":{\"@id\":\"https:\\\/\\\/quebelleza.ccial.org\\\/en\\\/#\\\/schema\\\/logo\\\/image\\\/\"}}]}<\/script>\n<!-- \/ Yoast SEO plugin. -->","yoast_head_json":{"title":"59 Aventura T\u00e1ctil - How Beautyful!","robots":{"index":"index","follow":"follow","max-snippet":"max-snippet:-1","max-image-preview":"max-image-preview:large","max-video-preview":"max-video-preview:-1"},"canonical":"https:\/\/quebelleza.ccial.org\/en\/product\/59-aventura-tactil\/","og_locale":"en_US","og_type":"article","og_title":"59 Aventura T\u00e1ctil - How Beautyful!","og_description":"Un tema en el que disfrutar\u00e1n tocando. Desde un divertido juego de \u201cavispas humanas\u201d, siguiendo con lavarte las manos sintiendo la sensaci\u00f3n de meter tu mano al moho, hojas, charcos, y no te quedas con las ganas de sentirlo. Tambi\u00e9n apreciar\u00e1n texturas y formas al calcar en papel para apreciar los detalles distintos en la creaci\u00f3n. Rendir\u00e1n culto al creador con el salmo 103; bendiga todo mi ser su santo nombre al sumergirse en la naturaleza con todo su cuerpo y mente. Y terminar\u00e1n cuidando la naturaleza al fabricar su propio repelente ecol\u00f3gico.","og_url":"https:\/\/quebelleza.ccial.org\/en\/product\/59-aventura-tactil\/","og_site_name":"How Beautyful!","article_modified_time":"2025-12-08T15:35:04+00:00","og_image":[{"width":1275,"height":1650,"url":"https:\/\/quebelleza.ccial.org\/wp-content\/uploads\/2025\/12\/Aventura-Tactil.jpg","type":"image\/jpeg"}],"twitter_card":"summary_large_image","twitter_misc":{"Est. reading time":"1 minute"},"schema":{"@context":"https:\/\/schema.org","@graph":[{"@type":"WebPage","@id":"https:\/\/quebelleza.ccial.org\/en\/product\/59-aventura-tactil\/","url":"https:\/\/quebelleza.ccial.org\/en\/product\/59-aventura-tactil\/","name":"59 Aventura T\u00e1ctil - How Beautyful!","isPartOf":{"@id":"https:\/\/quebelleza.ccial.org\/en\/#website"},"primaryImageOfPage":{"@id":"https:\/\/quebelleza.ccial.org\/en\/product\/59-aventura-tactil\/#primaryimage"},"image":{"@id":"https:\/\/quebelleza.ccial.org\/en\/product\/59-aventura-tactil\/#primaryimage"},"thumbnailUrl":"https:\/\/quebelleza.ccial.org\/wp-content\/uploads\/2025\/12\/Aventura-Tactil.jpg","datePublished":"2025-12-06T09:35:42+00:00","dateModified":"2025-12-08T15:35:04+00:00","breadcrumb":{"@id":"https:\/\/quebelleza.ccial.org\/en\/product\/59-aventura-tactil\/#breadcrumb"},"inLanguage":"en-US","potentialAction":[{"@type":"ReadAction","target":["https:\/\/quebelleza.ccial.org\/en\/product\/59-aventura-tactil\/"]}]},{"@type":"ImageObject","inLanguage":"en-US","@id":"https:\/\/quebelleza.ccial.org\/en\/product\/59-aventura-tactil\/#primaryimage","url":"https:\/\/quebelleza.ccial.org\/wp-content\/uploads\/2025\/12\/Aventura-Tactil.jpg","contentUrl":"https:\/\/quebelleza.ccial.org\/wp-content\/uploads\/2025\/12\/Aventura-Tactil.jpg","width":1275,"height":1650},{"@type":"BreadcrumbList","@id":"https:\/\/quebelleza.ccial.org\/en\/product\/59-aventura-tactil\/#breadcrumb","itemListElement":[{"@type":"ListItem","position":1,"name":"Cover page","item":"https:\/\/quebelleza.ccial.org\/en\/"},{"@type":"ListItem","position":2,"name":"Store","item":"https:\/\/quebelleza.ccial.org\/en\/store\/"},{"@type":"ListItem","position":3,"name":"59 Aventura T\u00e1ctil"}]},{"@type":"WebSite","@id":"https:\/\/quebelleza.ccial.org\/en\/#website","url":"https:\/\/quebelleza.ccial.org\/en\/","name":"How Beautyful!","description":"Camping Activities","publisher":{"@id":"https:\/\/quebelleza.ccial.org\/en\/#organization"},"potentialAction":[{"@type":"SearchAction","target":{"@type":"EntryPoint","urlTemplate":"https:\/\/quebelleza.ccial.org\/en\/?s={search_term_string}"},"query-input":{"@type":"PropertyValueSpecification","valueRequired":true,"valueName":"search_term_string"}}],"inLanguage":"en-US"},{"@type":"Organization","@id":"https:\/\/quebelleza.ccial.org\/en\/#organization","name":"CCIAL To Go - New Pathways","url":"https:\/\/quebelleza.ccial.org\/en\/","logo":{"@type":"ImageObject","inLanguage":"en-US","@id":"https:\/\/quebelleza.ccial.org\/en\/#\/schema\/logo\/image\/","url":"https:\/\/quebelleza.ccial.org\/wp-content\/uploads\/2021\/09\/NS-Logo-Right-Full.svg","contentUrl":"https:\/\/quebelleza.ccial.org\/wp-content\/uploads\/2021\/09\/NS-Logo-Right-Full.svg","width":400,"height":400,"caption":"CCIAL To Go - New Pathways"},"image":{"@id":"https:\/\/quebelleza.ccial.org\/en\/#\/schema\/logo\/image\/"}}]}},"_links":{"self":[{"href":"https:\/\/quebelleza.ccial.org\/en\/wp-json\/wp\/v2\/product\/8786","targetHints":{"allow":["GET"]}}],"collection":[{"href":"https:\/\/quebelleza.ccial.org\/en\/wp-json\/wp\/v2\/product"}],"about":[{"href":"https:\/\/quebelleza.ccial.org\/en\/wp-json\/wp\/v2\/types\/product"}],"replies":[{"embeddable":true,"href":"https:\/\/quebelleza.ccial.org\/en\/wp-json\/wp\/v2\/comments?post=8786"}],"wp:featuredmedia":[{"embeddable":true,"href":"https:\/\/quebelleza.ccial.org\/en\/wp-json\/wp\/v2\/media\/8785"}],"wp:attachment":[{"href":"https:\/\/quebelleza.ccial.org\/en\/wp-json\/wp\/v2\/media?parent=8786"}],"wp:term":[{"taxonomy":"product_brand","embeddable":true,"href":"https:\/\/quebelleza.ccial.org\/en\/wp-json\/wp\/v2\/product_brand?post=8786"},{"taxonomy":"product_cat","embeddable":true,"href":"https:\/\/quebelleza.ccial.org\/en\/wp-json\/wp\/v2\/product_cat?post=8786"},{"taxonomy":"product_tag","embeddable":true,"href":"https:\/\/quebelleza.ccial.org\/en\/wp-json\/wp\/v2\/product_tag?post=8786"}],"curies":[{"name":"wp","href":"https:\/\/api.w.org\/{rel}","templated":true}]}}