{"id":8905,"date":"2026-03-07T07:05:22","date_gmt":"2026-03-07T13:05:22","guid":{"rendered":"https:\/\/quebelleza.ccial.org\/?post_type=product&#038;p=8905"},"modified":"2026-03-08T17:08:18","modified_gmt":"2026-03-08T23:08:18","slug":"41-lechuzas","status":"publish","type":"product","link":"https:\/\/quebelleza.ccial.org\/en\/product\/41-lechuzas\/","title":{"rendered":"41 Lechuzas"},"content":{"rendered":"<p>Te resultar\u00e1 muy emocionante conocer varios datos acerca de la lechuza; su caracter\u00edstico vuelo, su anatom\u00eda, su manera de escuchar, su manera de ver, su manera de cazar y, por supuesto, algunos posibles prejuicios que existen sobre este ejemplar.<\/p>\n<p>Haz click en el siguiente bot\u00f3n para acceder al Tema Ecol\u00f3gico Lechuzas y sus cinco Actividades en l\u00ednea:<\/p>\n<div class=\"fusion-aligncenter\"><a class=\"fusion-button button-flat fusion-button-default-size button-default fusion-button-default button-1 fusion-button-default-span fusion-button-default-type\" target=\"_self\" title=\"Tema Lechuzas en l\u00ednea\" aria-label=\"Tema Lechuzas en l\u00ednea\" href=\"https:\/\/quebelleza.ccial.org\/tema\/lechuzas\/\"><span class=\"fusion-button-text awb-button__text awb-button__text--default fusion-button-text-right\">Tema Lechuzas en l\u00ednea<\/span><span class=\"fusion-button-icon-divider button-icon-divider-right\"><i class=\"fa-atlas fas awb-button__icon awb-button__icon--default\" aria-hidden=\"true\"><\/i><\/span><\/a><\/div>\n","protected":false},"excerpt":{"rendered":"<p>Te resultar\u00e1 muy emocionante conocer varios datos acerca de la lechuza; su caracter\u00edstico\u00a0 vuelo, su anatom\u00eda, su manera de escuchar, su manera de ver, su manera de cazar y por supuesto algunos posibles prejuicios que existen sobre este ejemplar.<\/p>\n","protected":false},"featured_media":3654,"comment_status":"open","ping_status":"closed","template":"","meta":{"_acf_changed":false},"product_brand":[],"product_cat":[246],"product_tag":[],"class_list":{"0":"post-8905","1":"product","2":"type-product","3":"status-publish","4":"has-post-thumbnail","6":"product_cat-tema-ecologico","8":"first","9":"instock","10":"sale","11":"downloadable","12":"virtual","13":"purchasable","14":"product-type-simple"},"acf":[],"yoast_head":"<!-- This site is optimized with the Yoast SEO plugin v27.3 - https:\/\/yoast.com\/product\/yoast-seo-wordpress\/ -->\n<title>41 Lechuzas - How Beautyful!<\/title>\n<meta name=\"robots\" content=\"index, follow, max-snippet:-1, max-image-preview:large, max-video-preview:-1\" \/>\n<link rel=\"canonical\" href=\"https:\/\/quebelleza.ccial.org\/en\/product\/41-lechuzas\/\" \/>\n<meta property=\"og:locale\" content=\"en_US\" \/>\n<meta property=\"og:type\" content=\"article\" \/>\n<meta property=\"og:title\" content=\"41 Lechuzas - How Beautyful!\" \/>\n<meta property=\"og:description\" content=\"Te resultar\u00e1 muy emocionante conocer varios datos acerca de la lechuza; su caracter\u00edstico\u00a0 vuelo, su anatom\u00eda, su manera de escuchar, su manera de ver, su manera de cazar y por supuesto algunos posibles prejuicios que existen sobre este ejemplar.\" \/>\n<meta property=\"og:url\" content=\"https:\/\/quebelleza.ccial.org\/en\/product\/41-lechuzas\/\" \/>\n<meta property=\"og:site_name\" content=\"How Beautyful!\" \/>\n<meta property=\"article:modified_time\" content=\"2026-03-08T23:08:18+00:00\" \/>\n<meta property=\"og:image\" content=\"https:\/\/quebelleza.ccial.org\/wp-content\/uploads\/2023\/01\/Lechuzas.jpg\" \/>\n\t<meta property=\"og:image:width\" content=\"1275\" \/>\n\t<meta property=\"og:image:height\" content=\"1650\" \/>\n\t<meta property=\"og:image:type\" content=\"image\/jpeg\" \/>\n<meta name=\"twitter:card\" content=\"summary_large_image\" \/>\n<meta name=\"twitter:label1\" content=\"Est. reading time\" \/>\n\t<meta name=\"twitter:data1\" content=\"1 minute\" \/>\n<script type=\"application\/ld+json\" class=\"yoast-schema-graph\">{\"@context\":\"https:\\\/\\\/schema.org\",\"@graph\":[{\"@type\":\"WebPage\",\"@id\":\"https:\\\/\\\/quebelleza.ccial.org\\\/en\\\/product\\\/41-lechuzas\\\/\",\"url\":\"https:\\\/\\\/quebelleza.ccial.org\\\/en\\\/product\\\/41-lechuzas\\\/\",\"name\":\"41 Lechuzas - How Beautyful!\",\"isPartOf\":{\"@id\":\"https:\\\/\\\/quebelleza.ccial.org\\\/en\\\/#website\"},\"primaryImageOfPage\":{\"@id\":\"https:\\\/\\\/quebelleza.ccial.org\\\/en\\\/product\\\/41-lechuzas\\\/#primaryimage\"},\"image\":{\"@id\":\"https:\\\/\\\/quebelleza.ccial.org\\\/en\\\/product\\\/41-lechuzas\\\/#primaryimage\"},\"thumbnailUrl\":\"https:\\\/\\\/quebelleza.ccial.org\\\/wp-content\\\/uploads\\\/2023\\\/01\\\/Lechuzas.jpg\",\"datePublished\":\"2026-03-07T13:05:22+00:00\",\"dateModified\":\"2026-03-08T23:08:18+00:00\",\"breadcrumb\":{\"@id\":\"https:\\\/\\\/quebelleza.ccial.org\\\/en\\\/product\\\/41-lechuzas\\\/#breadcrumb\"},\"inLanguage\":\"en-US\",\"potentialAction\":[{\"@type\":\"ReadAction\",\"target\":[\"https:\\\/\\\/quebelleza.ccial.org\\\/en\\\/product\\\/41-lechuzas\\\/\"]}]},{\"@type\":\"ImageObject\",\"inLanguage\":\"en-US\",\"@id\":\"https:\\\/\\\/quebelleza.ccial.org\\\/en\\\/product\\\/41-lechuzas\\\/#primaryimage\",\"url\":\"https:\\\/\\\/quebelleza.ccial.org\\\/wp-content\\\/uploads\\\/2023\\\/01\\\/Lechuzas.jpg\",\"contentUrl\":\"https:\\\/\\\/quebelleza.ccial.org\\\/wp-content\\\/uploads\\\/2023\\\/01\\\/Lechuzas.jpg\",\"width\":1275,\"height\":1650},{\"@type\":\"BreadcrumbList\",\"@id\":\"https:\\\/\\\/quebelleza.ccial.org\\\/en\\\/product\\\/41-lechuzas\\\/#breadcrumb\",\"itemListElement\":[{\"@type\":\"ListItem\",\"position\":1,\"name\":\"Cover page\",\"item\":\"https:\\\/\\\/quebelleza.ccial.org\\\/en\\\/\"},{\"@type\":\"ListItem\",\"position\":2,\"name\":\"Store\",\"item\":\"https:\\\/\\\/quebelleza.ccial.org\\\/en\\\/store\\\/\"},{\"@type\":\"ListItem\",\"position\":3,\"name\":\"41 Lechuzas\"}]},{\"@type\":\"WebSite\",\"@id\":\"https:\\\/\\\/quebelleza.ccial.org\\\/en\\\/#website\",\"url\":\"https:\\\/\\\/quebelleza.ccial.org\\\/en\\\/\",\"name\":\"How Beautyful!\",\"description\":\"Camping Activities\",\"publisher\":{\"@id\":\"https:\\\/\\\/quebelleza.ccial.org\\\/en\\\/#organization\"},\"potentialAction\":[{\"@type\":\"SearchAction\",\"target\":{\"@type\":\"EntryPoint\",\"urlTemplate\":\"https:\\\/\\\/quebelleza.ccial.org\\\/en\\\/?s={search_term_string}\"},\"query-input\":{\"@type\":\"PropertyValueSpecification\",\"valueRequired\":true,\"valueName\":\"search_term_string\"}}],\"inLanguage\":\"en-US\"},{\"@type\":\"Organization\",\"@id\":\"https:\\\/\\\/quebelleza.ccial.org\\\/en\\\/#organization\",\"name\":\"CCIAL To Go - New Pathways\",\"url\":\"https:\\\/\\\/quebelleza.ccial.org\\\/en\\\/\",\"logo\":{\"@type\":\"ImageObject\",\"inLanguage\":\"en-US\",\"@id\":\"https:\\\/\\\/quebelleza.ccial.org\\\/en\\\/#\\\/schema\\\/logo\\\/image\\\/\",\"url\":\"https:\\\/\\\/quebelleza.ccial.org\\\/wp-content\\\/uploads\\\/2021\\\/09\\\/NS-Logo-Right-Full.svg\",\"contentUrl\":\"https:\\\/\\\/quebelleza.ccial.org\\\/wp-content\\\/uploads\\\/2021\\\/09\\\/NS-Logo-Right-Full.svg\",\"width\":400,\"height\":400,\"caption\":\"CCIAL To Go - New Pathways\"},\"image\":{\"@id\":\"https:\\\/\\\/quebelleza.ccial.org\\\/en\\\/#\\\/schema\\\/logo\\\/image\\\/\"}}]}<\/script>\n<!-- \/ Yoast SEO plugin. -->","yoast_head_json":{"title":"41 Lechuzas - How Beautyful!","robots":{"index":"index","follow":"follow","max-snippet":"max-snippet:-1","max-image-preview":"max-image-preview:large","max-video-preview":"max-video-preview:-1"},"canonical":"https:\/\/quebelleza.ccial.org\/en\/product\/41-lechuzas\/","og_locale":"en_US","og_type":"article","og_title":"41 Lechuzas - How Beautyful!","og_description":"Te resultar\u00e1 muy emocionante conocer varios datos acerca de la lechuza; su caracter\u00edstico\u00a0 vuelo, su anatom\u00eda, su manera de escuchar, su manera de ver, su manera de cazar y por supuesto algunos posibles prejuicios que existen sobre este ejemplar.","og_url":"https:\/\/quebelleza.ccial.org\/en\/product\/41-lechuzas\/","og_site_name":"How Beautyful!","article_modified_time":"2026-03-08T23:08:18+00:00","og_image":[{"width":1275,"height":1650,"url":"https:\/\/quebelleza.ccial.org\/wp-content\/uploads\/2023\/01\/Lechuzas.jpg","type":"image\/jpeg"}],"twitter_card":"summary_large_image","twitter_misc":{"Est. reading time":"1 minute"},"schema":{"@context":"https:\/\/schema.org","@graph":[{"@type":"WebPage","@id":"https:\/\/quebelleza.ccial.org\/en\/product\/41-lechuzas\/","url":"https:\/\/quebelleza.ccial.org\/en\/product\/41-lechuzas\/","name":"41 Lechuzas - How Beautyful!","isPartOf":{"@id":"https:\/\/quebelleza.ccial.org\/en\/#website"},"primaryImageOfPage":{"@id":"https:\/\/quebelleza.ccial.org\/en\/product\/41-lechuzas\/#primaryimage"},"image":{"@id":"https:\/\/quebelleza.ccial.org\/en\/product\/41-lechuzas\/#primaryimage"},"thumbnailUrl":"https:\/\/quebelleza.ccial.org\/wp-content\/uploads\/2023\/01\/Lechuzas.jpg","datePublished":"2026-03-07T13:05:22+00:00","dateModified":"2026-03-08T23:08:18+00:00","breadcrumb":{"@id":"https:\/\/quebelleza.ccial.org\/en\/product\/41-lechuzas\/#breadcrumb"},"inLanguage":"en-US","potentialAction":[{"@type":"ReadAction","target":["https:\/\/quebelleza.ccial.org\/en\/product\/41-lechuzas\/"]}]},{"@type":"ImageObject","inLanguage":"en-US","@id":"https:\/\/quebelleza.ccial.org\/en\/product\/41-lechuzas\/#primaryimage","url":"https:\/\/quebelleza.ccial.org\/wp-content\/uploads\/2023\/01\/Lechuzas.jpg","contentUrl":"https:\/\/quebelleza.ccial.org\/wp-content\/uploads\/2023\/01\/Lechuzas.jpg","width":1275,"height":1650},{"@type":"BreadcrumbList","@id":"https:\/\/quebelleza.ccial.org\/en\/product\/41-lechuzas\/#breadcrumb","itemListElement":[{"@type":"ListItem","position":1,"name":"Cover page","item":"https:\/\/quebelleza.ccial.org\/en\/"},{"@type":"ListItem","position":2,"name":"Store","item":"https:\/\/quebelleza.ccial.org\/en\/store\/"},{"@type":"ListItem","position":3,"name":"41 Lechuzas"}]},{"@type":"WebSite","@id":"https:\/\/quebelleza.ccial.org\/en\/#website","url":"https:\/\/quebelleza.ccial.org\/en\/","name":"How Beautyful!","description":"Camping Activities","publisher":{"@id":"https:\/\/quebelleza.ccial.org\/en\/#organization"},"potentialAction":[{"@type":"SearchAction","target":{"@type":"EntryPoint","urlTemplate":"https:\/\/quebelleza.ccial.org\/en\/?s={search_term_string}"},"query-input":{"@type":"PropertyValueSpecification","valueRequired":true,"valueName":"search_term_string"}}],"inLanguage":"en-US"},{"@type":"Organization","@id":"https:\/\/quebelleza.ccial.org\/en\/#organization","name":"CCIAL To Go - New Pathways","url":"https:\/\/quebelleza.ccial.org\/en\/","logo":{"@type":"ImageObject","inLanguage":"en-US","@id":"https:\/\/quebelleza.ccial.org\/en\/#\/schema\/logo\/image\/","url":"https:\/\/quebelleza.ccial.org\/wp-content\/uploads\/2021\/09\/NS-Logo-Right-Full.svg","contentUrl":"https:\/\/quebelleza.ccial.org\/wp-content\/uploads\/2021\/09\/NS-Logo-Right-Full.svg","width":400,"height":400,"caption":"CCIAL To Go - New Pathways"},"image":{"@id":"https:\/\/quebelleza.ccial.org\/en\/#\/schema\/logo\/image\/"}}]}},"_links":{"self":[{"href":"https:\/\/quebelleza.ccial.org\/en\/wp-json\/wp\/v2\/product\/8905","targetHints":{"allow":["GET"]}}],"collection":[{"href":"https:\/\/quebelleza.ccial.org\/en\/wp-json\/wp\/v2\/product"}],"about":[{"href":"https:\/\/quebelleza.ccial.org\/en\/wp-json\/wp\/v2\/types\/product"}],"replies":[{"embeddable":true,"href":"https:\/\/quebelleza.ccial.org\/en\/wp-json\/wp\/v2\/comments?post=8905"}],"wp:featuredmedia":[{"embeddable":true,"href":"https:\/\/quebelleza.ccial.org\/en\/wp-json\/wp\/v2\/media\/3654"}],"wp:attachment":[{"href":"https:\/\/quebelleza.ccial.org\/en\/wp-json\/wp\/v2\/media?parent=8905"}],"wp:term":[{"taxonomy":"product_brand","embeddable":true,"href":"https:\/\/quebelleza.ccial.org\/en\/wp-json\/wp\/v2\/product_brand?post=8905"},{"taxonomy":"product_cat","embeddable":true,"href":"https:\/\/quebelleza.ccial.org\/en\/wp-json\/wp\/v2\/product_cat?post=8905"},{"taxonomy":"product_tag","embeddable":true,"href":"https:\/\/quebelleza.ccial.org\/en\/wp-json\/wp\/v2\/product_tag?post=8905"}],"curies":[{"name":"wp","href":"https:\/\/api.w.org\/{rel}","templated":true}]}}